{"id":577,"date":"2016-04-29T15:53:02","date_gmt":"2016-04-29T14:53:02","guid":{"rendered":"http:\/\/fondation-valentin-ribet.org\/en\/faire-un-don\/"},"modified":"2025-11-19T10:23:54","modified_gmt":"2025-11-19T09:23:54","slug":"donation","status":"publish","type":"page","link":"https:\/\/fondation-valentin-ribet.org\/en\/donation\/","title":{"rendered":"Donation"},"content":{"rendered":"<div class=\"fusion-fullwidth fullwidth-box fusion-fullwidth-1  fusion-parallax-none nonhundred-percent-fullwidth\" style=\"border-color:#eae9e9;border-bottom-width: 0px;border-top-width: 0px;border-bottom-style: solid;border-top-style: solid;padding-bottom:20px;padding-top:20px;padding-left:;padding-right:;background-color:rgba(255,255,255,0);\"><style type=\"text\/css\" scoped=\"scoped\">.fusion-fullwidth-1 {\n                            padding-left: px !important;\n                            padding-right: px !important;\n                        }<\/style><div class=\"fusion-row\"><div class=\"fusion-title title fusion-title-center fusion-title-size-one\" style=\"margin-top:0px;margin-bottom:31px;\"><div class=\"title-sep-container title-sep-container-left\"><div class=\"title-sep sep-double\"><\/div><\/div><h1 class=\"title-heading-center\">\n<p style=\"text-align: center;\">To make a contribution, please select your country to find out the specific procedure to follow.<\/p>\n<\/h1><div class=\"title-sep-container title-sep-container-right\"><div class=\"title-sep sep-double\"><\/div><\/div><\/div><div class=\"fusion-tabs fusion-tabs-1 classic vertical-tabs\"><style type=\"text\/css\">.fusion-tabs.fusion-tabs-1 .nav-tabs li a{border-top-color:#95abb8;background-color:#95abb8;}.fusion-tabs.fusion-tabs-1 .nav-tabs{background-color:#ffffff;}.fusion-tabs.fusion-tabs-1 .nav-tabs li.active a,.fusion-tabs.fusion-tabs-1 .nav-tabs li.active a:hover,.fusion-tabs.fusion-tabs-1 .nav-tabs li.active a:focus{border-right-color:#ffffff;}.fusion-tabs.fusion-tabs-1 .nav-tabs li.active a,.fusion-tabs.fusion-tabs-1 .nav-tabs li.active a:hover,.fusion-tabs.fusion-tabs-1 .nav-tabs li.active a:focus{background-color:#ffffff;}.fusion-tabs.fusion-tabs-1 .nav-tabs li a:hover{background-color:#ffffff;border-top-color:#ffffff;}.fusion-tabs.fusion-tabs-1 .tab-pane{background-color:#ffffff;}.fusion-tabs.fusion-tabs-1 .nav,.fusion-tabs.fusion-tabs-1 .nav-tabs,.fusion-tabs.fusion-tabs-1 .tab-content .tab-pane{border-color:#ebeaea;}<\/style><div class=\"nav\"><ul class=\"nav-tabs\"><li class=\"active\"><a class=\"tab-link\" id=\"fusion-tab-belgium\" href=\"#tab-1c6d2071dd355cf2d1e\" data-toggle=\"tab\"><h4 class=\"fusion-tab-heading\">Belgium<\/h4><\/a><\/li><li><a class=\"tab-link\" id=\"fusion-tab-germany\" href=\"#tab-2f66f9da34adcac4315\" data-toggle=\"tab\"><h4 class=\"fusion-tab-heading\">Germany<\/h4><\/a><\/li><li><a class=\"tab-link\" id=\"fusion-tab-unitedkingdom\" href=\"#tab-37abf606308b3e7da39\" data-toggle=\"tab\"><h4 class=\"fusion-tab-heading\">United Kingdom<\/h4><\/a><\/li><li><a class=\"tab-link\" id=\"fusion-tab-luxembourg\" href=\"#tab-e47d53ae8bcc604b4e5\" data-toggle=\"tab\"><h4 class=\"fusion-tab-heading\">Luxembourg<\/h4><\/a><\/li><li><a class=\"tab-link\" id=\"fusion-tab-usa\" href=\"#tab-98c86380d46e6156e7f\" data-toggle=\"tab\"><h4 class=\"fusion-tab-heading\">USA<\/h4><\/a><\/li><li><a class=\"tab-link\" id=\"fusion-tab-switzerand\" href=\"#tab-8a1e5738a28f017b792\" data-toggle=\"tab\"><h4 class=\"fusion-tab-heading\">Switzerand<\/h4><\/a><\/li><li><a class=\"tab-link\" id=\"fusion-tab-france\" href=\"#tab-a21fc5bc5dcef64b6e2\" data-toggle=\"tab\"><h4 class=\"fusion-tab-heading\">France<\/h4><\/a><\/li><\/ul><\/div><div class=\"tab-content\"><div class=\"nav fusion-mobile-tab-nav\"><ul class=\"nav-tabs\"><li class=\"active\"><a class=\"tab-link\" id=\"fusion-tab-belgium\" href=\"#tab-1c6d2071dd355cf2d1e\" data-toggle=\"tab\"><h4 class=\"fusion-tab-heading\">Belgium<\/h4><\/a><\/li><\/ul><\/div><div class=\"tab-pane fade in active\" id=\"tab-1c6d2071dd355cf2d1e\"><img loading=\"lazy\" class=\"size-full wp-image-405 alignleft\" src=\"http:\/\/fondation-valentin-ribet.org\/wp-content\/uploads\/2016\/04\/flag_be.png\" alt=\"Drapeau Belgique\" width=\"75\" height=\"50\" \/><\/p>\n<p>&nbsp;<\/p>\n<p>&nbsp;<\/p>\n<h3>Belgian donors can make their Transnational Giving Europe donations on following account:<\/h3>\n<p><strong>Account holder\u00a0:<\/strong> King Baudouin Foundation<\/p>\n<p><strong>Bank :<\/strong> bpost bank<\/p>\n<p><strong>Adress :<\/strong> Rue des Colonies 56 (P28)- 1000 Bruxelles<\/p>\n<p><strong>IBAN :<\/strong> BE10 0000 0000 0404<\/p>\n<p><strong>BIC:<\/strong> BPOTBEB1<\/p>\n<p>Mentioning<strong> TGE \u2013 Fondation Valentin Ribet \u2013 FRANCE<\/strong><\/p>\n<p><strong>Contact :<\/strong><\/p>\n<p>Carine Poskin \u2013 poskin.c@kbs-frb.be \u2013 +32 2 549 02 31<\/p>\n<p>Ludwig Forrest \u2013 \u00a0forrest.l@kbs-frb.be \u2013 +32 2 549 02 38<\/div><div class=\"nav fusion-mobile-tab-nav\"><ul class=\"nav-tabs\"><li><a class=\"tab-link\" id=\"fusion-tab-germany\" href=\"#tab-2f66f9da34adcac4315\" data-toggle=\"tab\"><h4 class=\"fusion-tab-heading\">Germany<\/h4><\/a><\/li><\/ul><\/div><div class=\"tab-pane fade\" id=\"tab-2f66f9da34adcac4315\"><img loading=\"lazy\" class=\"size-full wp-image-407 alignleft\" src=\"http:\/\/fondation-valentin-ribet.org\/wp-content\/uploads\/2016\/04\/flag_de.png\" alt=\"Drapeau Allemagne\" width=\"75\" height=\"45\" \/><\/p>\n<p>&nbsp;<\/p>\n<p>&nbsp;<\/p>\n<h3>German donors can make their donations on following account\u00a0:<\/h3>\n<p><strong>Account holder\u00a0:<\/strong>\u00a0Maecenata Stiftung<\/p>\n<p><strong>Bank :<\/strong>\u00a0Donner &amp; Reuschel<\/p>\n<p><strong>Adress :<\/strong>\u00a0Bankhaus Donner &amp; Reuschel, D-80285 M\u00fcnschen<\/p>\n<p><strong>Account number\u00a0: <\/strong>133 853 500<\/p>\n<p><strong>IBAN :<\/strong>\u00a0DE 4720 03 03 0001 3385 3500<\/p>\n<p><strong>BIC :<\/strong>\u00a0CHDBDEHHXXX<\/p>\n<p><strong>Bank code\u00a0\/ BLZ :<\/strong> 200 303 00<\/p>\n<p>Mentioning<strong> TGE \u2013 Fondation Valentin Ribet \u2013 FRANCE<\/strong><\/p>\n<p><strong>Contact :<\/strong><\/p>\n<p>E-mail : csc@maecenata.eu &#8211; Tel : +49 30 28 38 79 09<!--more--><\/div><div class=\"nav fusion-mobile-tab-nav\"><ul class=\"nav-tabs\"><li><a class=\"tab-link\" id=\"fusion-tab-unitedkingdom\" href=\"#tab-37abf606308b3e7da39\" data-toggle=\"tab\"><h4 class=\"fusion-tab-heading\">United Kingdom<\/h4><\/a><\/li><\/ul><\/div><div class=\"tab-pane fade\" id=\"tab-37abf606308b3e7da39\"><img loading=\"lazy\" class=\"size-full wp-image-417 alignleft\" src=\"http:\/\/fondation-valentin-ribet.org\/wp-content\/uploads\/2016\/04\/flag_uk2.png\" alt=\"Drapeau Royaume-Uni\" width=\"75\" height=\"45\" \/><\/p>\n<p>&nbsp;<\/p>\n<p>&nbsp;<\/p>\n<h3>Donors living in the UK and wanting to benefit fort Gift Aid should first cotact the Charities Aid Foundation before making their donations :<\/h3>\n<p>After a short KYC (Know your Customer) procedure, CAF will provide the donor with all the instructions to make his\/her donation<\/p>\n<p><strong>Andrew Fakley<\/strong>\u00a0\u2013 <a href=\"mailto:tge@cafonline.org\">tge@cafonline.org<\/a>\u00a0 &#8211; +44 30 00 12 33 80<\/div><div class=\"nav fusion-mobile-tab-nav\"><ul class=\"nav-tabs\"><li><a class=\"tab-link\" id=\"fusion-tab-luxembourg\" href=\"#tab-e47d53ae8bcc604b4e5\" data-toggle=\"tab\"><h4 class=\"fusion-tab-heading\">Luxembourg<\/h4><\/a><\/li><\/ul><\/div><div class=\"tab-pane fade\" id=\"tab-e47d53ae8bcc604b4e5\"><img loading=\"lazy\" class=\"size-full wp-image-397 alignleft\" src=\"http:\/\/fondation-valentin-ribet.org\/wp-content\/uploads\/2016\/04\/flag_lu.png\" alt=\"Drapeau Luxembourg\" width=\"75\" height=\"45\" \/><\/p>\n<p>&nbsp;<\/p>\n<p>&nbsp;<\/p>\n<h3>Due to the\u00a0&#8220;circulaire de directeur des contribution L.I.R. &#8211; n\u00b0112\/2 du 20 juillet 2009&#8221;, donors living in Luxembourg can make their donations directly to the foreign beneficiary without passing through Transnational Giving Europe and will benefit from income tax deductibility in Luxembourg.<\/h3>\n<p>For more information, please contact Nicolas Vernier\u00a0at the Fondation du Luxembourg :<\/p>\n<p>Nicolas Vernier &#8211; <a href=\"mailto:nicolas.vernier@fdlux.lu\" target=\"_blank\" rel=\"noopener\">nicolas.vernier@fdlux.lu<\/a> &#8211; +35 2 274 74 81<\/div><div class=\"nav fusion-mobile-tab-nav\"><ul class=\"nav-tabs\"><li><a class=\"tab-link\" id=\"fusion-tab-usa\" href=\"#tab-98c86380d46e6156e7f\" data-toggle=\"tab\"><h4 class=\"fusion-tab-heading\">USA<\/h4><\/a><\/li><\/ul><\/div><div class=\"tab-pane fade\" id=\"tab-98c86380d46e6156e7f\"><img loading=\"lazy\" class=\"size-full wp-image-414 alignleft\" src=\"http:\/\/fondation-valentin-ribet.org\/wp-content\/uploads\/2016\/04\/flag_us2.png\" alt=\"Drapeau Etats-Unis\" width=\"75\" height=\"45\" \/><\/p>\n<p>&nbsp;<\/p>\n<p>&nbsp;<\/p>\n<h3>Donors in the United States will find all relevant information at the following address to make a donation to Valentin Ribet Foundation:<\/h3>\n<p><strong><a href=\"http:\/\/fdnweb.org\/ffdf\/donors\/how-to-give\/\" target=\"_blank\" rel=\"noopener\">http:\/\/fdnweb.org\/ffdf\/donors\/<wbr \/>how-to-give\/<\/a><\/strong><\/div><div class=\"nav fusion-mobile-tab-nav\"><ul class=\"nav-tabs\"><li><a class=\"tab-link\" id=\"fusion-tab-switzerand\" href=\"#tab-8a1e5738a28f017b792\" data-toggle=\"tab\"><h4 class=\"fusion-tab-heading\">Switzerand<\/h4><\/a><\/li><\/ul><\/div><div class=\"tab-pane fade\" id=\"tab-8a1e5738a28f017b792\"><img loading=\"lazy\" class=\"size-full wp-image-399 alignleft\" src=\"http:\/\/fondation-valentin-ribet.org\/wp-content\/uploads\/2016\/04\/flag_sw.png\" alt=\"Drapeau Suisse\" width=\"75\" height=\"50\" \/><\/p>\n<p>&nbsp;<\/p>\n<p>&nbsp;<\/p>\n<h3>Swiss donors can make their donations (of at least 250CHF) on one of the following acounts\u00a0:<\/h3>\n<p><strong>Bank<\/strong><strong>\u00a0:\u00a0<\/strong>UBS SA, PO Box, CH-1211 Geneva 2<\/p>\n<p><strong>Account holder\u00a0:<\/strong> Swiss Philanthropy Foundation, CH-1206 Geneva<\/p>\n<p>&nbsp;<\/p>\n<ul>\n<li><strong><strong>Bank account in CHF<br \/>\n<\/strong>Bank account\u00a0:\u00a0<\/strong>240-672951.01W<strong><br \/>\nIBAN : <\/strong>CH82 0024 0240 6729 5101 W<br \/>\n<strong>Swift \/ BIC :<\/strong> UBSWCHZH80A<\/li>\n<\/ul>\n<p>&nbsp;<\/p>\n<ul>\n<li><strong><strong>Bank account in Euro<br \/>\n<\/strong>Bank account :\u00a0<\/strong>240-672951.70U<strong><strong><br \/>\nIBAN : <\/strong><\/strong>CH76 0024 0240 6729 5170U<strong><br \/>\nSwift \/ BIC : <\/strong>UBSWCHZH80A<\/li>\n<\/ul>\n<p>&nbsp;<\/p>\n<ul>\n<li><strong><strong>Bank account in BGP :<br \/>\n<\/strong>Bank account\u00a0:<\/strong> 240-672951.62E<strong><strong><strong><br \/>\nIBAN : <\/strong><\/strong><\/strong>CH89 0024 0240 6729 5162E<strong><strong><br \/>\nSwift \/ BIC : <\/strong><\/strong>UBSWCHZH80A<strong><strong><br \/>\n<\/strong><\/strong><\/li>\n<\/ul>\n<p>&nbsp;<\/p>\n<ul>\n<li><strong><strong>Bank account in\u00a0USD<br \/>\n<\/strong>Bank account<\/strong>\u00a0:240-672951.66R<strong><strong><strong><strong><br \/>\nIBAN : <\/strong><\/strong><\/strong><\/strong>CH93 0024 0240 6729 5166R<strong><strong><strong><br \/>\nSwift \/ BIC : <\/strong><\/strong><\/strong>UBSWCHZH80A<\/li>\n<\/ul>\n<p>&nbsp;<\/p>\n<p>Mentionning\u00a0<strong>TGE \u2013 Fondation Valentin Ribet \u2013 FRANCE<\/strong><\/p>\n<p><strong>Contact :<\/strong><\/p>\n<p><strong>Elodie Tzaut<\/strong> &#8211; <a href=\"mailto:contact@swissphilanthropy.ch\" target=\"_blank\" rel=\"noopener\">contact@swissphilanthropy.ch<\/a> &#8211; +41 22 732 5554<\/div><div class=\"nav fusion-mobile-tab-nav\"><ul class=\"nav-tabs\"><li><a class=\"tab-link\" id=\"fusion-tab-france\" href=\"#tab-a21fc5bc5dcef64b6e2\" data-toggle=\"tab\"><h4 class=\"fusion-tab-heading\">France<\/h4><\/a><\/li><\/ul><\/div><div class=\"tab-pane fade\" id=\"tab-a21fc5bc5dcef64b6e2\"><img loading=\"lazy\" class=\"wp-image-409 size-full alignleft\" src=\"http:\/\/fondation-valentin-ribet.org\/wp-content\/uploads\/2016\/04\/flag_fr.png\" alt=\"Drapeau France\" width=\"75\" height=\"50\" \/><\/p>\n<h3><\/h3>\n<h3><\/h3>\n<h3>Vous pouvez r\u00e9aliser ce don par ch\u00e8que, par carte bancaire ou par pr\u00e9l\u00e8vement automatique.<\/h3>\n<p><strong>Pour un don par ch\u00e8que :<\/strong><br \/>\nMerci de compl\u00e9ter le\u00a0<u><strong><a href=\"https:\/\/fondation-valentin-ribet.org\/wp-content\/uploads\/2020\/11\/Bon-de-soutien-chq-simplifi\u00e9.docx\">Bordereau de remise de ch\u00e8que simplifi\u00e9.<\/a><\/strong><\/u><br \/>\nDe libeller votre ch\u00e8que \u00e0 l\u2019ordre de :<br \/>\n<strong>\u00ab Fondation de France \u2013 Fondation Valentin Ribet \u00bb<\/strong><br \/>\nEt d\u2019envoyer le ch\u00e8que et le bon de soutien compl\u00e9t\u00e9 par vos soins \u00e0 l\u2019adresse suivante :<br \/>\n<strong>Fondation Valentin\u00a0<span class=\"il\">Ribet<br \/>\n<\/span><\/strong>Fondation de France<br \/>\n60509 CHANTILLY Cedex<\/p>\n<p><strong>Pour un don par carte bancaire (hors American Express) ou par pr\u00e9l\u00e8vement automatique :<\/strong><br \/>\nMerci de compl\u00e9ter le\u00a0<u><strong><a href=\"https:\/\/fondation-valentin-ribet.org\/wp-content\/uploads\/2020\/11\/Bon-de-soutien-chq-simplifi\u00e9.pdf\" target=\"_blank\" rel=\"noopener\">Bon de soutien<\/a><\/strong><\/u>.<br \/>\nEt d\u2019envoyer votre RIB et le Bon de soutien compl\u00e9t\u00e9 par vos soins \u00e0 l\u2019adresse suivante :<br \/>\n<strong>Fondation Valentin Ribet<br \/>\n<\/strong>Fondation de France<br \/>\n60509 CHANTILLY Cedex<br \/>\nLes informations communiqu\u00e9es dans le bon de soutien nous permettront de vous adresser votre re\u00e7u fiscal qui sera \u00e9ligible au titre de l\u2019imp\u00f4t sur le Revenu ou de l\u2019imp\u00f4t sur la Fortune Immobili\u00e8re (IFI).<\/p>\n<p><strong>Pour toute information compl\u00e9mentaire, consulter la\u00a0<u><a href=\"http:\/\/www.fondationdefrance.org\/fondation\/fondation-valentin-ribet\" target=\"_blank\" rel=\"noopener\">page de la Fondation Valentin Ribet sur le site de la Fondation de France<\/a><\/u><\/strong>.<\/p>\n<p><strong>Pour toutes vos questions, le\u00a0Service Donateurs de la Fondation de France\u00a0est \u00e0 votre \u00e9coute au\u00a0<u><a href=\"http:\/\/tel:01%2044%2021%2087%2000\/\">01 44 21 87 00<\/a><\/u>.<\/strong><\/div><\/div><\/div><\/div><\/div>\n","protected":false},"excerpt":{"rendered":"<p>&nbsp; &nbsp; German donors can make their donations on following account\u00a0: Account holder\u00a0:\u00a0Maecenata Stiftung Bank :\u00a0Donner &amp; Reuschel Adress :\u00a0Bankhaus Donner &amp; Reuschel, D-80285 M\u00fcnschen Account number\u00a0: 133 853 500 IBAN :\u00a0DE 4720 03 03 0001 3385 3500 BIC :\u00a0CHDBDEHHXXX Bank code\u00a0\/ BLZ : 200 303 00 Mentioning TGE \u2013 Fondation Valentin Ribet \u2013 FRANCE [&hellip;]<\/p>\n","protected":false},"author":2,"featured_media":0,"parent":0,"menu_order":0,"comment_status":"closed","ping_status":"closed","template":"","meta":[],"yoast_head":"<!-- This site is optimized with the Yoast SEO plugin v16.2 - https:\/\/yoast.com\/wordpress\/plugins\/seo\/ -->\n<title>Donation - Fondation Valentin Ribet<\/title>\n<meta name=\"description\" content=\"Pour faire un don, veuillez s\u00e9lectionner votre pays afin de conna\u00eetre la proc\u00e9dure sp\u00e9cifique.\" \/>\n<meta name=\"robots\" content=\"index, follow, max-snippet:-1, max-image-preview:large, max-video-preview:-1\" \/>\n<link rel=\"canonical\" href=\"https:\/\/fondation-valentin-ribet.org\/en\/donation\/\" \/>\n<meta property=\"og:locale\" content=\"en_US\" \/>\n<meta property=\"og:type\" content=\"article\" \/>\n<meta property=\"og:title\" content=\"Donation - Fondation Valentin Ribet\" \/>\n<meta property=\"og:description\" content=\"Pour faire un don, veuillez s\u00e9lectionner votre pays afin de conna\u00eetre la proc\u00e9dure sp\u00e9cifique.\" \/>\n<meta property=\"og:url\" content=\"https:\/\/fondation-valentin-ribet.org\/en\/donation\/\" \/>\n<meta property=\"og:site_name\" content=\"Fondation Valentin Ribet\" \/>\n<meta property=\"article:publisher\" content=\"http:\/\/www.facebook.com\/fondationvalentinribet\/\" \/>\n<meta property=\"article:modified_time\" content=\"2025-11-19T09:23:54+00:00\" \/>\n<meta property=\"og:image\" content=\"http:\/\/fondation-valentin-ribet.org\/wp-content\/uploads\/2016\/04\/flag_be.png\" \/>\n<meta name=\"twitter:card\" content=\"summary\" \/>\n<meta name=\"twitter:label1\" content=\"Est. reading time\">\n\t<meta name=\"twitter:data1\" content=\"5 minutes\">\n<script type=\"application\/ld+json\" class=\"yoast-schema-graph\">{\"@context\":\"https:\/\/schema.org\",\"@graph\":[{\"@type\":\"WebSite\",\"@id\":\"https:\/\/fondation-valentin-ribet.org\/#website\",\"url\":\"https:\/\/fondation-valentin-ribet.org\/\",\"name\":\"Fondation Valentin Ribet\",\"description\":\"\",\"potentialAction\":[{\"@type\":\"SearchAction\",\"target\":\"https:\/\/fondation-valentin-ribet.org\/?s={search_term_string}\",\"query-input\":\"required name=search_term_string\"}],\"inLanguage\":\"en-US\"},{\"@type\":\"ImageObject\",\"@id\":\"https:\/\/fondation-valentin-ribet.org\/en\/donation\/#primaryimage\",\"inLanguage\":\"en-US\",\"url\":\"http:\/\/fondation-valentin-ribet.org\/wp-content\/uploads\/2016\/04\/flag_be.png\",\"contentUrl\":\"http:\/\/fondation-valentin-ribet.org\/wp-content\/uploads\/2016\/04\/flag_be.png\"},{\"@type\":\"WebPage\",\"@id\":\"https:\/\/fondation-valentin-ribet.org\/en\/donation\/#webpage\",\"url\":\"https:\/\/fondation-valentin-ribet.org\/en\/donation\/\",\"name\":\"Donation - Fondation Valentin Ribet\",\"isPartOf\":{\"@id\":\"https:\/\/fondation-valentin-ribet.org\/#website\"},\"primaryImageOfPage\":{\"@id\":\"https:\/\/fondation-valentin-ribet.org\/en\/donation\/#primaryimage\"},\"datePublished\":\"2016-04-29T14:53:02+00:00\",\"dateModified\":\"2025-11-19T09:23:54+00:00\",\"description\":\"Pour faire un don, veuillez s\\u00e9lectionner votre pays afin de conna\\u00eetre la proc\\u00e9dure sp\\u00e9cifique.\",\"breadcrumb\":{\"@id\":\"https:\/\/fondation-valentin-ribet.org\/en\/donation\/#breadcrumb\"},\"inLanguage\":\"en-US\",\"potentialAction\":[{\"@type\":\"ReadAction\",\"target\":[\"https:\/\/fondation-valentin-ribet.org\/en\/donation\/\"]}]},{\"@type\":\"BreadcrumbList\",\"@id\":\"https:\/\/fondation-valentin-ribet.org\/en\/donation\/#breadcrumb\",\"itemListElement\":[{\"@type\":\"ListItem\",\"position\":1,\"item\":{\"@type\":\"WebPage\",\"@id\":\"https:\/\/fondation-valentin-ribet.org\/en\/\",\"url\":\"https:\/\/fondation-valentin-ribet.org\/en\/\",\"name\":\"Accueil\"}},{\"@type\":\"ListItem\",\"position\":2,\"item\":{\"@id\":\"https:\/\/fondation-valentin-ribet.org\/en\/donation\/#webpage\"}}]}]}<\/script>\n<!-- \/ Yoast SEO plugin. -->","_links":{"self":[{"href":"https:\/\/fondation-valentin-ribet.org\/en\/wp-json\/wp\/v2\/pages\/577"}],"collection":[{"href":"https:\/\/fondation-valentin-ribet.org\/en\/wp-json\/wp\/v2\/pages"}],"about":[{"href":"https:\/\/fondation-valentin-ribet.org\/en\/wp-json\/wp\/v2\/types\/page"}],"author":[{"embeddable":true,"href":"https:\/\/fondation-valentin-ribet.org\/en\/wp-json\/wp\/v2\/users\/2"}],"replies":[{"embeddable":true,"href":"https:\/\/fondation-valentin-ribet.org\/en\/wp-json\/wp\/v2\/comments?post=577"}],"version-history":[{"count":7,"href":"https:\/\/fondation-valentin-ribet.org\/en\/wp-json\/wp\/v2\/pages\/577\/revisions"}],"predecessor-version":[{"id":2831,"href":"https:\/\/fondation-valentin-ribet.org\/en\/wp-json\/wp\/v2\/pages\/577\/revisions\/2831"}],"wp:attachment":[{"href":"https:\/\/fondation-valentin-ribet.org\/en\/wp-json\/wp\/v2\/media?parent=577"}],"curies":[{"name":"wp","href":"https:\/\/api.w.org\/{rel}","templated":true}]}}